{"id":389,"date":"2019-04-08T19:20:32","date_gmt":"2019-04-08T17:20:32","guid":{"rendered":"https:\/\/tpe.preview-communication.fr\/depanneur\/about\/"},"modified":"2025-07-21T12:38:07","modified_gmt":"2025-07-21T10:38:07","slug":"a-propos-2-2","status":"publish","type":"page","link":"https:\/\/tpe.preview-communication.fr\/depanneur\/a-propos-2-2\/","title":{"rendered":"A propos"},"content":{"rendered":"<h1>A propos<\/h1>\n<h4>\n\t\t\t\t\t\t\t\t\t\t\t\t\t\t\t\t24\/7 DISPONIBLE SUR NANTES\t\t\t\t\t\t\t\t\t\t\t\t\t<\/h4>\n<h2><a href=\"#\">02 40 49 80 55<\/a><\/h2>\n<h2>notre Experience<\/h2>\n<h5>Plus de 50 ann\u00e9es d&rsquo;exp\u00e9rience<\/h5>\n<p>Fort de 50 ann\u00e9es d&rsquo;exp\u00e9rience, notre \u00e9quipe met son savoir-faire au service des automobilistes en difficult\u00e9. Nous intervenons avec professionnalisme, transparence et efficacit\u00e9. Nous comprenons \u00e0 quel point une panne peut \u00eatre stressante : notre priorit\u00e9 est de vous remettre sur la route en toute s\u00e9curit\u00e9, le plus vite possible.<\/p>\n<h5>Service professionnel<\/h5>\n<p>Nous intervenons rapidement dans toute la zone de [votre ville \/ r\u00e9gion]. Nos d\u00e9panneurs sont toujours en mouvement pour r\u00e9duire au maximum votre temps d\u2019attente.<\/p>\n<p>\t\t\t\t\t\t\t\t\t\t\t\t\t\t\t<img fetchpriority=\"high\" decoding=\"async\" width=\"1920\" height=\"1080\" src=\"https:\/\/tpe.preview-communication.fr\/depanneur\/wp-content\/uploads\/sites\/11\/2020\/02\/services-banner-1.jpg\" alt=\"\" srcset=\"https:\/\/tpe.preview-communication.fr\/depanneur\/wp-content\/uploads\/sites\/11\/2020\/02\/services-banner-1.jpg 1920w, https:\/\/tpe.preview-communication.fr\/depanneur\/wp-content\/uploads\/sites\/11\/2020\/02\/services-banner-1-300x169.jpg 300w, https:\/\/tpe.preview-communication.fr\/depanneur\/wp-content\/uploads\/sites\/11\/2020\/02\/services-banner-1-1024x576.jpg 1024w, https:\/\/tpe.preview-communication.fr\/depanneur\/wp-content\/uploads\/sites\/11\/2020\/02\/services-banner-1-768x432.jpg 768w, https:\/\/tpe.preview-communication.fr\/depanneur\/wp-content\/uploads\/sites\/11\/2020\/02\/services-banner-1-1536x864.jpg 1536w\" sizes=\"(max-width: 1920px) 100vw, 1920px\" \/>\t\t\t\t\t\t\t\t\t\t\t\t\t\t\t<\/p>\n<h2>notre Vision &amp; Mission<\/h2>\n<h5>Vous \u00eates en panne ? Nous sommes l\u00e0 pour vous aider.<\/h5>\n<p>Notre service de d\u00e9pannage automobile intervient 7j\/7 et 24h\/24, partout [dans votre r\u00e9gion ou ville], que ce soit pour un v\u00e9hicule en panne, un accident ou un remorquage. Faites confiance \u00e0 un professionnel fiable, rapide et toujours pr\u00eat \u00e0 intervenir.<\/p>\n<p>Nous intervenons dans tout le d\u00e9partement de la Loire Atlantique (44) mais \u00e9galement le 56, 85 et 49.<\/p>\n","protected":false},"excerpt":{"rendered":"<p>A propos 24\/7 DISPONIBLE SUR NANTES 02 40 49 80 55 notre Experience Plus de 50 ann\u00e9es d&rsquo;exp\u00e9rience Fort de 50 ann\u00e9es d&rsquo;exp\u00e9rience, notre \u00e9quipe met son savoir-faire au service des automobilistes en difficult\u00e9. Nous intervenons avec professionnalisme, transparence et efficacit\u00e9. Nous comprenons \u00e0 quel point une panne peut \u00eatre stressante : notre priorit\u00e9 est [&hellip;]<\/p>\n","protected":false},"author":1,"featured_media":0,"parent":0,"menu_order":0,"comment_status":"closed","ping_status":"closed","template":"","meta":{"site-sidebar-layout":"no-sidebar","site-content-layout":"page-builder","ast-site-content-layout":"full-width-container","site-content-style":"unboxed","site-sidebar-style":"unboxed","ast-global-header-display":"","ast-banner-title-visibility":"","ast-main-header-display":"","ast-hfb-above-header-display":"","ast-hfb-below-header-display":"","ast-hfb-mobile-header-display":"","site-post-title":"disabled","ast-breadcrumbs-content":"","ast-featured-img":"disabled","footer-sml-layout":"","ast-disable-related-posts":"","theme-transparent-header-meta":"enabled","adv-header-id-meta":"","stick-header-meta":"default","header-above-stick-meta":"","header-main-stick-meta":"","header-below-stick-meta":"","astra-migrate-meta-layouts":"set","ast-page-background-enabled":"default","ast-page-background-meta":{"desktop":{"background-color":"","background-image":"","background-repeat":"repeat","background-position":"center center","background-size":"auto","background-attachment":"scroll","background-type":"","background-media":"","overlay-type":"","overlay-color":"","overlay-opacity":"","overlay-gradient":""},"tablet":{"background-color":"","background-image":"","background-repeat":"repeat","background-position":"center center","background-size":"auto","background-attachment":"scroll","background-type":"","background-media":"","overlay-type":"","overlay-color":"","overlay-opacity":"","overlay-gradient":""},"mobile":{"background-color":"","background-image":"","background-repeat":"repeat","background-position":"center center","background-size":"auto","background-attachment":"scroll","background-type":"","background-media":"","overlay-type":"","overlay-color":"","overlay-opacity":"","overlay-gradient":""}},"ast-content-background-meta":{"desktop":{"background-color":"var(--ast-global-color-5)","background-image":"","background-repeat":"repeat","background-position":"center center","background-size":"auto","background-attachment":"scroll","background-type":"","background-media":"","overlay-type":"","overlay-color":"","overlay-opacity":"","overlay-gradient":""},"tablet":{"background-color":"var(--ast-global-color-5)","background-image":"","background-repeat":"repeat","background-position":"center center","background-size":"auto","background-attachment":"scroll","background-type":"","background-media":"","overlay-type":"","overlay-color":"","overlay-opacity":"","overlay-gradient":""},"mobile":{"background-color":"var(--ast-global-color-5)","background-image":"","background-repeat":"repeat","background-position":"center center","background-size":"auto","background-attachment":"scroll","background-type":"","background-media":"","overlay-type":"","overlay-color":"","overlay-opacity":"","overlay-gradient":""}},"footnotes":""},"class_list":["post-389","page","type-page","status-publish","hentry"],"_links":{"self":[{"href":"https:\/\/tpe.preview-communication.fr\/depanneur\/wp-json\/wp\/v2\/pages\/389","targetHints":{"allow":["GET"]}}],"collection":[{"href":"https:\/\/tpe.preview-communication.fr\/depanneur\/wp-json\/wp\/v2\/pages"}],"about":[{"href":"https:\/\/tpe.preview-communication.fr\/depanneur\/wp-json\/wp\/v2\/types\/page"}],"author":[{"embeddable":true,"href":"https:\/\/tpe.preview-communication.fr\/depanneur\/wp-json\/wp\/v2\/users\/1"}],"replies":[{"embeddable":true,"href":"https:\/\/tpe.preview-communication.fr\/depanneur\/wp-json\/wp\/v2\/comments?post=389"}],"version-history":[{"count":15,"href":"https:\/\/tpe.preview-communication.fr\/depanneur\/wp-json\/wp\/v2\/pages\/389\/revisions"}],"predecessor-version":[{"id":509,"href":"https:\/\/tpe.preview-communication.fr\/depanneur\/wp-json\/wp\/v2\/pages\/389\/revisions\/509"}],"wp:attachment":[{"href":"https:\/\/tpe.preview-communication.fr\/depanneur\/wp-json\/wp\/v2\/media?parent=389"}],"curies":[{"name":"wp","href":"https:\/\/api.w.org\/{rel}","templated":true}]}}