{"id":12,"date":"2019-03-11T12:10:08","date_gmt":"2019-03-11T12:10:08","guid":{"rendered":"https:\/\/tpe.preview-communication.fr\/menuisier\/portfolio\/"},"modified":"2025-09-09T16:34:15","modified_gmt":"2025-09-09T14:34:15","slug":"home-2-2","status":"publish","type":"page","link":"https:\/\/tpe.preview-communication.fr\/menuisier\/home-2-2\/","title":{"rendered":"Portfolio"},"content":{"rendered":"\t\t<div data-elementor-type=\"wp-post\" data-elementor-id=\"12\" class=\"elementor elementor-12\" data-elementor-post-type=\"page\">\n\t\t\t\t\t\t<section class=\"elementor-section elementor-top-section elementor-element elementor-element-b1d7697 elementor-section-boxed elementor-section-height-default elementor-section-height-default\" data-id=\"b1d7697\" data-element_type=\"section\" data-settings=\"{&quot;background_background&quot;:&quot;classic&quot;}\">\n\t\t\t\t\t\t\t<div class=\"elementor-background-overlay\"><\/div>\n\t\t\t\t\t\t\t<div class=\"elementor-container elementor-column-gap-default\">\n\t\t\t\t\t<div class=\"elementor-column elementor-col-100 elementor-top-column elementor-element elementor-element-bd5e621\" data-id=\"bd5e621\" data-element_type=\"column\">\n\t\t\t<div class=\"elementor-widget-wrap elementor-element-populated\">\n\t\t\t\t\t\t<section class=\"elementor-section elementor-inner-section elementor-element elementor-element-6689c8d elementor-section-boxed elementor-section-height-default elementor-section-height-default\" data-id=\"6689c8d\" data-element_type=\"section\">\n\t\t\t\t\t\t<div class=\"elementor-container elementor-column-gap-default\">\n\t\t\t\t\t<div class=\"elementor-column elementor-col-66 elementor-inner-column elementor-element elementor-element-f42cb85\" data-id=\"f42cb85\" data-element_type=\"column\">\n\t\t\t<div class=\"elementor-widget-wrap elementor-element-populated\">\n\t\t\t\t\t\t<div class=\"elementor-element elementor-element-8256ae1 elementor-widget elementor-widget-heading\" data-id=\"8256ae1\" data-element_type=\"widget\" data-widget_type=\"heading.default\">\n\t\t\t\t<div class=\"elementor-widget-container\">\n\t\t\t\t\t<h1 class=\"elementor-heading-title elementor-size-default\">Portfolio<\/h1>\t\t\t\t<\/div>\n\t\t\t\t<\/div>\n\t\t\t\t\t<\/div>\n\t\t<\/div>\n\t\t\t\t<div class=\"elementor-column elementor-col-33 elementor-inner-column elementor-element elementor-element-ab6f8cd\" data-id=\"ab6f8cd\" data-element_type=\"column\">\n\t\t\t<div class=\"elementor-widget-wrap\">\n\t\t\t\t\t\t\t<\/div>\n\t\t<\/div>\n\t\t\t\t\t<\/div>\n\t\t<\/section>\n\t\t\t\t<section class=\"elementor-section elementor-inner-section elementor-element elementor-element-8c92882 elementor-section-boxed elementor-section-height-default elementor-section-height-default\" data-id=\"8c92882\" data-element_type=\"section\">\n\t\t\t\t\t\t<div class=\"elementor-container elementor-column-gap-default\">\n\t\t\t\t\t<div class=\"elementor-column elementor-col-66 elementor-inner-column elementor-element elementor-element-cedd68f\" data-id=\"cedd68f\" data-element_type=\"column\">\n\t\t\t<div class=\"elementor-widget-wrap\">\n\t\t\t\t\t\t\t<\/div>\n\t\t<\/div>\n\t\t\t\t<div class=\"elementor-column elementor-col-33 elementor-inner-column elementor-element elementor-element-a42f9bc\" data-id=\"a42f9bc\" data-element_type=\"column\" data-settings=\"{&quot;background_background&quot;:&quot;classic&quot;}\">\n\t\t\t<div class=\"elementor-widget-wrap elementor-element-populated\">\n\t\t\t\t\t\t<div class=\"elementor-element elementor-element-4c68a44 elementor-widget elementor-widget-heading\" data-id=\"4c68a44\" data-element_type=\"widget\" data-widget_type=\"heading.default\">\n\t\t\t\t<div class=\"elementor-widget-container\">\n\t\t\t\t\t<h5 class=\"elementor-heading-title elementor-size-default\">Appel gratuit<\/h5>\t\t\t\t<\/div>\n\t\t\t\t<\/div>\n\t\t\t\t<div class=\"elementor-element elementor-element-4fd20b4 elementor-widget elementor-widget-heading\" data-id=\"4fd20b4\" data-element_type=\"widget\" data-widget_type=\"heading.default\">\n\t\t\t\t<div class=\"elementor-widget-container\">\n\t\t\t\t\t<h3 class=\"elementor-heading-title elementor-size-default\">02 40 49 80 55<\/h3>\t\t\t\t<\/div>\n\t\t\t\t<\/div>\n\t\t\t\t\t<\/div>\n\t\t<\/div>\n\t\t\t\t\t<\/div>\n\t\t<\/section>\n\t\t\t\t\t<\/div>\n\t\t<\/div>\n\t\t\t\t\t<\/div>\n\t\t<\/section>\n\t\t\t\t<section class=\"elementor-section elementor-top-section elementor-element elementor-element-45375fa elementor-section-content-middle elementor-reverse-mobile elementor-section-boxed elementor-section-height-default elementor-section-height-default\" data-id=\"45375fa\" data-element_type=\"section\">\n\t\t\t\t\t\t<div class=\"elementor-container elementor-column-gap-default\">\n\t\t\t\t\t<div class=\"elementor-column elementor-col-33 elementor-top-column elementor-element elementor-element-5df6276\" data-id=\"5df6276\" data-element_type=\"column\">\n\t\t\t<div class=\"elementor-widget-wrap elementor-element-populated\">\n\t\t\t\t\t\t<div class=\"elementor-element elementor-element-b92bf71 elementor-widget elementor-widget-heading\" data-id=\"b92bf71\" data-element_type=\"widget\" data-widget_type=\"heading.default\">\n\t\t\t\t<div class=\"elementor-widget-container\">\n\t\t\t\t\t<h3 class=\"elementor-heading-title elementor-size-default\">Nos R\u00e9alisations<\/h3>\t\t\t\t<\/div>\n\t\t\t\t<\/div>\n\t\t\t\t<div class=\"elementor-element elementor-element-e659c68 elementor-widget elementor-widget-text-editor\" data-id=\"e659c68\" data-element_type=\"widget\" data-widget_type=\"text-editor.default\">\n\t\t\t\t<div class=\"elementor-widget-container\">\n\t\t\t\t\t\t\t\t\t<p>Nous intervenons dans tout le d\u00e9partement de Loire-Atlantique, mais \u00e9galement le Morbihan et la Vend\u00e9e.<\/p>\t\t\t\t\t\t\t\t<\/div>\n\t\t\t\t<\/div>\n\t\t\t\t\t<\/div>\n\t\t<\/div>\n\t\t\t\t<div class=\"elementor-column elementor-col-33 elementor-top-column elementor-element elementor-element-c70f305 elementor-hidden-tablet\" data-id=\"c70f305\" data-element_type=\"column\">\n\t\t\t<div class=\"elementor-widget-wrap\">\n\t\t\t\t\t\t\t<\/div>\n\t\t<\/div>\n\t\t\t\t<div class=\"elementor-column elementor-col-33 elementor-top-column elementor-element elementor-element-cc022bc\" data-id=\"cc022bc\" data-element_type=\"column\" data-settings=\"{&quot;background_background&quot;:&quot;classic&quot;}\">\n\t\t\t<div class=\"elementor-widget-wrap\">\n\t\t\t\t\t\t\t<\/div>\n\t\t<\/div>\n\t\t\t\t\t<\/div>\n\t\t<\/section>\n\t\t\t\t<section class=\"elementor-section elementor-top-section elementor-element elementor-element-ef173d8 elementor-section-boxed elementor-section-height-default elementor-section-height-default\" data-id=\"ef173d8\" data-element_type=\"section\" data-settings=\"{&quot;background_background&quot;:&quot;classic&quot;}\">\n\t\t\t\t\t\t<div class=\"elementor-container elementor-column-gap-no\">\n\t\t\t\t\t<div class=\"elementor-column elementor-col-100 elementor-top-column elementor-element elementor-element-ba60afe\" data-id=\"ba60afe\" data-element_type=\"column\">\n\t\t\t<div class=\"elementor-widget-wrap elementor-element-populated\">\n\t\t\t\t\t\t<div class=\"elementor-element elementor-element-498a883 gallery-spacing-custom elementor-widget elementor-widget-image-gallery\" data-id=\"498a883\" data-element_type=\"widget\" data-widget_type=\"image-gallery.default\">\n\t\t\t\t<div class=\"elementor-widget-container\">\n\t\t\t\t\t\t\t<div class=\"elementor-image-gallery\">\n\t\t\t<div id='gallery-1' class='gallery galleryid-12 gallery-columns-3 gallery-size-full'><figure class='gallery-item'>\n\t\t\t<div class='gallery-icon landscape'>\n\t\t\t\t<a data-elementor-open-lightbox=\"yes\" data-elementor-lightbox-slideshow=\"498a883\" data-elementor-lightbox-title=\"gallery-eightth-slide\" data-e-action-hash=\"#elementor-action%3Aaction%3Dlightbox%26settings%3DeyJpZCI6NDY5LCJ1cmwiOiJodHRwczpcL1wvdHBlLnByZXZpZXctY29tbXVuaWNhdGlvbi5mclwvbWVudWlzaWVyXC93cC1jb250ZW50XC91cGxvYWRzXC9zaXRlc1wvN1wvMjAyMFwvMDFcL2dhbGxlcnktZWlnaHR0aC1zbGlkZS5qcGciLCJzbGlkZXNob3ciOiI0OThhODgzIn0%3D\" href='https:\/\/tpe.preview-communication.fr\/menuisier\/wp-content\/uploads\/sites\/7\/2020\/01\/gallery-eightth-slide.jpg'><img fetchpriority=\"high\" decoding=\"async\" width=\"640\" height=\"450\" src=\"https:\/\/tpe.preview-communication.fr\/menuisier\/wp-content\/uploads\/sites\/7\/2020\/01\/gallery-eightth-slide.jpg\" class=\"attachment-full size-full\" alt=\"\" srcset=\"https:\/\/tpe.preview-communication.fr\/menuisier\/wp-content\/uploads\/sites\/7\/2020\/01\/gallery-eightth-slide.jpg 640w, https:\/\/tpe.preview-communication.fr\/menuisier\/wp-content\/uploads\/sites\/7\/2020\/01\/gallery-eightth-slide-300x211.jpg 300w\" sizes=\"(max-width: 640px) 100vw, 640px\" \/><\/a>\n\t\t\t<\/div><\/figure><figure class='gallery-item'>\n\t\t\t<div class='gallery-icon landscape'>\n\t\t\t\t<a data-elementor-open-lightbox=\"yes\" data-elementor-lightbox-slideshow=\"498a883\" data-elementor-lightbox-title=\"gallery-seventh-slide\" data-e-action-hash=\"#elementor-action%3Aaction%3Dlightbox%26settings%3DeyJpZCI6NDcwLCJ1cmwiOiJodHRwczpcL1wvdHBlLnByZXZpZXctY29tbXVuaWNhdGlvbi5mclwvbWVudWlzaWVyXC93cC1jb250ZW50XC91cGxvYWRzXC9zaXRlc1wvN1wvMjAyMFwvMDFcL2dhbGxlcnktc2V2ZW50aC1zbGlkZS5qcGciLCJzbGlkZXNob3ciOiI0OThhODgzIn0%3D\" href='https:\/\/tpe.preview-communication.fr\/menuisier\/wp-content\/uploads\/sites\/7\/2020\/01\/gallery-seventh-slide.jpg'><img decoding=\"async\" width=\"640\" height=\"450\" src=\"https:\/\/tpe.preview-communication.fr\/menuisier\/wp-content\/uploads\/sites\/7\/2020\/01\/gallery-seventh-slide.jpg\" class=\"attachment-full size-full\" alt=\"\" srcset=\"https:\/\/tpe.preview-communication.fr\/menuisier\/wp-content\/uploads\/sites\/7\/2020\/01\/gallery-seventh-slide.jpg 640w, https:\/\/tpe.preview-communication.fr\/menuisier\/wp-content\/uploads\/sites\/7\/2020\/01\/gallery-seventh-slide-300x211.jpg 300w\" sizes=\"(max-width: 640px) 100vw, 640px\" \/><\/a>\n\t\t\t<\/div><\/figure><figure class='gallery-item'>\n\t\t\t<div class='gallery-icon landscape'>\n\t\t\t\t<a data-elementor-open-lightbox=\"yes\" data-elementor-lightbox-slideshow=\"498a883\" data-elementor-lightbox-title=\"gallery-sixth-slide\" data-e-action-hash=\"#elementor-action%3Aaction%3Dlightbox%26settings%3DeyJpZCI6NDcxLCJ1cmwiOiJodHRwczpcL1wvdHBlLnByZXZpZXctY29tbXVuaWNhdGlvbi5mclwvbWVudWlzaWVyXC93cC1jb250ZW50XC91cGxvYWRzXC9zaXRlc1wvN1wvMjAyMFwvMDFcL2dhbGxlcnktc2l4dGgtc2xpZGUuanBnIiwic2xpZGVzaG93IjoiNDk4YTg4MyJ9\" href='https:\/\/tpe.preview-communication.fr\/menuisier\/wp-content\/uploads\/sites\/7\/2020\/01\/gallery-sixth-slide.jpg'><img decoding=\"async\" width=\"640\" height=\"450\" src=\"https:\/\/tpe.preview-communication.fr\/menuisier\/wp-content\/uploads\/sites\/7\/2020\/01\/gallery-sixth-slide.jpg\" class=\"attachment-full size-full\" alt=\"\" srcset=\"https:\/\/tpe.preview-communication.fr\/menuisier\/wp-content\/uploads\/sites\/7\/2020\/01\/gallery-sixth-slide.jpg 640w, https:\/\/tpe.preview-communication.fr\/menuisier\/wp-content\/uploads\/sites\/7\/2020\/01\/gallery-sixth-slide-300x211.jpg 300w\" sizes=\"(max-width: 640px) 100vw, 640px\" \/><\/a>\n\t\t\t<\/div><\/figure><figure class='gallery-item'>\n\t\t\t<div class='gallery-icon landscape'>\n\t\t\t\t<a data-elementor-open-lightbox=\"yes\" data-elementor-lightbox-slideshow=\"498a883\" data-elementor-lightbox-title=\"gallery-fifth-slide\" data-e-action-hash=\"#elementor-action%3Aaction%3Dlightbox%26settings%3DeyJpZCI6NDcyLCJ1cmwiOiJodHRwczpcL1wvdHBlLnByZXZpZXctY29tbXVuaWNhdGlvbi5mclwvbWVudWlzaWVyXC93cC1jb250ZW50XC91cGxvYWRzXC9zaXRlc1wvN1wvMjAyMFwvMDFcL2dhbGxlcnktZmlmdGgtc2xpZGUuanBnIiwic2xpZGVzaG93IjoiNDk4YTg4MyJ9\" href='https:\/\/tpe.preview-communication.fr\/menuisier\/wp-content\/uploads\/sites\/7\/2020\/01\/gallery-fifth-slide.jpg'><img loading=\"lazy\" decoding=\"async\" width=\"640\" height=\"450\" src=\"https:\/\/tpe.preview-communication.fr\/menuisier\/wp-content\/uploads\/sites\/7\/2020\/01\/gallery-fifth-slide.jpg\" class=\"attachment-full size-full\" alt=\"\" srcset=\"https:\/\/tpe.preview-communication.fr\/menuisier\/wp-content\/uploads\/sites\/7\/2020\/01\/gallery-fifth-slide.jpg 640w, https:\/\/tpe.preview-communication.fr\/menuisier\/wp-content\/uploads\/sites\/7\/2020\/01\/gallery-fifth-slide-300x211.jpg 300w\" sizes=\"(max-width: 640px) 100vw, 640px\" \/><\/a>\n\t\t\t<\/div><\/figure><figure class='gallery-item'>\n\t\t\t<div class='gallery-icon landscape'>\n\t\t\t\t<a data-elementor-open-lightbox=\"yes\" data-elementor-lightbox-slideshow=\"498a883\" data-elementor-lightbox-title=\"gallery-08-free-img\" data-e-action-hash=\"#elementor-action%3Aaction%3Dlightbox%26settings%3DeyJpZCI6MTU0LCJ1cmwiOiJodHRwczpcL1wvdHBlLnByZXZpZXctY29tbXVuaWNhdGlvbi5mclwvbWVudWlzaWVyXC93cC1jb250ZW50XC91cGxvYWRzXC9zaXRlc1wvN1wvMjAxOVwvMDNcL2dhbGxlcnktMDgtZnJlZS1pbWcuanBnIiwic2xpZGVzaG93IjoiNDk4YTg4MyJ9\" href='https:\/\/tpe.preview-communication.fr\/menuisier\/wp-content\/uploads\/sites\/7\/2019\/03\/gallery-08-free-img.jpg'><img loading=\"lazy\" decoding=\"async\" width=\"640\" height=\"450\" src=\"https:\/\/tpe.preview-communication.fr\/menuisier\/wp-content\/uploads\/sites\/7\/2019\/03\/gallery-08-free-img.jpg\" class=\"attachment-full size-full\" alt=\"Gallery photo\" srcset=\"https:\/\/tpe.preview-communication.fr\/menuisier\/wp-content\/uploads\/sites\/7\/2019\/03\/gallery-08-free-img.jpg 640w, https:\/\/tpe.preview-communication.fr\/menuisier\/wp-content\/uploads\/sites\/7\/2019\/03\/gallery-08-free-img-300x211.jpg 300w\" sizes=\"(max-width: 640px) 100vw, 640px\" \/><\/a>\n\t\t\t<\/div><\/figure><figure class='gallery-item'>\n\t\t\t<div class='gallery-icon landscape'>\n\t\t\t\t<a data-elementor-open-lightbox=\"yes\" data-elementor-lightbox-slideshow=\"498a883\" data-elementor-lightbox-title=\"gallery-fourth-slide\" data-e-action-hash=\"#elementor-action%3Aaction%3Dlightbox%26settings%3DeyJpZCI6NDczLCJ1cmwiOiJodHRwczpcL1wvdHBlLnByZXZpZXctY29tbXVuaWNhdGlvbi5mclwvbWVudWlzaWVyXC93cC1jb250ZW50XC91cGxvYWRzXC9zaXRlc1wvN1wvMjAyMFwvMDFcL2dhbGxlcnktZm91cnRoLXNsaWRlLmpwZyIsInNsaWRlc2hvdyI6IjQ5OGE4ODMifQ%3D%3D\" href='https:\/\/tpe.preview-communication.fr\/menuisier\/wp-content\/uploads\/sites\/7\/2020\/01\/gallery-fourth-slide.jpg'><img loading=\"lazy\" decoding=\"async\" width=\"640\" height=\"450\" src=\"https:\/\/tpe.preview-communication.fr\/menuisier\/wp-content\/uploads\/sites\/7\/2020\/01\/gallery-fourth-slide.jpg\" class=\"attachment-full size-full\" alt=\"\" srcset=\"https:\/\/tpe.preview-communication.fr\/menuisier\/wp-content\/uploads\/sites\/7\/2020\/01\/gallery-fourth-slide.jpg 640w, https:\/\/tpe.preview-communication.fr\/menuisier\/wp-content\/uploads\/sites\/7\/2020\/01\/gallery-fourth-slide-300x211.jpg 300w\" sizes=\"(max-width: 640px) 100vw, 640px\" \/><\/a>\n\t\t\t<\/div><\/figure><figure class='gallery-item'>\n\t\t\t<div class='gallery-icon landscape'>\n\t\t\t\t<a data-elementor-open-lightbox=\"yes\" data-elementor-lightbox-slideshow=\"498a883\" data-elementor-lightbox-title=\"gallery-third-slide\" data-e-action-hash=\"#elementor-action%3Aaction%3Dlightbox%26settings%3DeyJpZCI6NDc0LCJ1cmwiOiJodHRwczpcL1wvdHBlLnByZXZpZXctY29tbXVuaWNhdGlvbi5mclwvbWVudWlzaWVyXC93cC1jb250ZW50XC91cGxvYWRzXC9zaXRlc1wvN1wvMjAyMFwvMDFcL2dhbGxlcnktdGhpcmQtc2xpZGUuanBnIiwic2xpZGVzaG93IjoiNDk4YTg4MyJ9\" href='https:\/\/tpe.preview-communication.fr\/menuisier\/wp-content\/uploads\/sites\/7\/2020\/01\/gallery-third-slide.jpg'><img loading=\"lazy\" decoding=\"async\" width=\"640\" height=\"450\" src=\"https:\/\/tpe.preview-communication.fr\/menuisier\/wp-content\/uploads\/sites\/7\/2020\/01\/gallery-third-slide.jpg\" class=\"attachment-full size-full\" alt=\"\" srcset=\"https:\/\/tpe.preview-communication.fr\/menuisier\/wp-content\/uploads\/sites\/7\/2020\/01\/gallery-third-slide.jpg 640w, https:\/\/tpe.preview-communication.fr\/menuisier\/wp-content\/uploads\/sites\/7\/2020\/01\/gallery-third-slide-300x211.jpg 300w\" sizes=\"(max-width: 640px) 100vw, 640px\" \/><\/a>\n\t\t\t<\/div><\/figure><figure class='gallery-item'>\n\t\t\t<div class='gallery-icon landscape'>\n\t\t\t\t<a data-elementor-open-lightbox=\"yes\" data-elementor-lightbox-slideshow=\"498a883\" data-elementor-lightbox-title=\"gallery-second-slide\" data-e-action-hash=\"#elementor-action%3Aaction%3Dlightbox%26settings%3DeyJpZCI6NDc1LCJ1cmwiOiJodHRwczpcL1wvdHBlLnByZXZpZXctY29tbXVuaWNhdGlvbi5mclwvbWVudWlzaWVyXC93cC1jb250ZW50XC91cGxvYWRzXC9zaXRlc1wvN1wvMjAyMFwvMDFcL2dhbGxlcnktc2Vjb25kLXNsaWRlLmpwZyIsInNsaWRlc2hvdyI6IjQ5OGE4ODMifQ%3D%3D\" href='https:\/\/tpe.preview-communication.fr\/menuisier\/wp-content\/uploads\/sites\/7\/2020\/01\/gallery-second-slide.jpg'><img loading=\"lazy\" decoding=\"async\" width=\"640\" height=\"450\" src=\"https:\/\/tpe.preview-communication.fr\/menuisier\/wp-content\/uploads\/sites\/7\/2020\/01\/gallery-second-slide.jpg\" class=\"attachment-full size-full\" alt=\"\" srcset=\"https:\/\/tpe.preview-communication.fr\/menuisier\/wp-content\/uploads\/sites\/7\/2020\/01\/gallery-second-slide.jpg 640w, https:\/\/tpe.preview-communication.fr\/menuisier\/wp-content\/uploads\/sites\/7\/2020\/01\/gallery-second-slide-300x211.jpg 300w\" sizes=\"(max-width: 640px) 100vw, 640px\" \/><\/a>\n\t\t\t<\/div><\/figure><figure class='gallery-item'>\n\t\t\t<div class='gallery-icon landscape'>\n\t\t\t\t<a data-elementor-open-lightbox=\"yes\" data-elementor-lightbox-slideshow=\"498a883\" data-elementor-lightbox-title=\"gallery-first-slide\" data-e-action-hash=\"#elementor-action%3Aaction%3Dlightbox%26settings%3DeyJpZCI6NDc2LCJ1cmwiOiJodHRwczpcL1wvdHBlLnByZXZpZXctY29tbXVuaWNhdGlvbi5mclwvbWVudWlzaWVyXC93cC1jb250ZW50XC91cGxvYWRzXC9zaXRlc1wvN1wvMjAyMFwvMDFcL2dhbGxlcnktZmlyc3Qtc2xpZGUuanBnIiwic2xpZGVzaG93IjoiNDk4YTg4MyJ9\" href='https:\/\/tpe.preview-communication.fr\/menuisier\/wp-content\/uploads\/sites\/7\/2020\/01\/gallery-first-slide.jpg'><img loading=\"lazy\" decoding=\"async\" width=\"640\" height=\"450\" src=\"https:\/\/tpe.preview-communication.fr\/menuisier\/wp-content\/uploads\/sites\/7\/2020\/01\/gallery-first-slide.jpg\" class=\"attachment-full size-full\" alt=\"\" srcset=\"https:\/\/tpe.preview-communication.fr\/menuisier\/wp-content\/uploads\/sites\/7\/2020\/01\/gallery-first-slide.jpg 640w, https:\/\/tpe.preview-communication.fr\/menuisier\/wp-content\/uploads\/sites\/7\/2020\/01\/gallery-first-slide-300x211.jpg 300w\" sizes=\"(max-width: 640px) 100vw, 640px\" \/><\/a>\n\t\t\t<\/div><\/figure>\n\t\t<\/div>\n\t\t<\/div>\n\t\t\t\t\t\t<\/div>\n\t\t\t\t<\/div>\n\t\t\t\t\t<\/div>\n\t\t<\/div>\n\t\t\t\t\t<\/div>\n\t\t<\/section>\n\t\t\t\t<section class=\"elementor-section elementor-top-section elementor-element elementor-element-ba46214 elementor-section-content-middle elementor-section-boxed elementor-section-height-default elementor-section-height-default\" data-id=\"ba46214\" data-element_type=\"section\" data-settings=\"{&quot;background_background&quot;:&quot;classic&quot;}\">\n\t\t\t\t\t\t\t<div class=\"elementor-background-overlay\"><\/div>\n\t\t\t\t\t\t\t<div class=\"elementor-container elementor-column-gap-no\">\n\t\t\t\t\t<div class=\"elementor-column elementor-col-50 elementor-top-column elementor-element elementor-element-5858dd0\" data-id=\"5858dd0\" data-element_type=\"column\">\n\t\t\t<div class=\"elementor-widget-wrap elementor-element-populated\">\n\t\t\t\t\t\t<div class=\"elementor-element elementor-element-b76e7bd elementor-widget elementor-widget-heading\" data-id=\"b76e7bd\" data-element_type=\"widget\" data-widget_type=\"heading.default\">\n\t\t\t\t<div class=\"elementor-widget-container\">\n\t\t\t\t\t<h2 class=\"elementor-heading-title elementor-size-default\">Dormir dans une paix absolue<br>Se r\u00e9veiller avec un soleil radieux<\/h2>\t\t\t\t<\/div>\n\t\t\t\t<\/div>\n\t\t\t\t<div class=\"elementor-element elementor-element-e10c9fb elementor-align-left elementor-widget elementor-widget-button\" data-id=\"e10c9fb\" data-element_type=\"widget\" data-widget_type=\"button.default\">\n\t\t\t\t<div class=\"elementor-widget-container\">\n\t\t\t\t\t\t\t\t\t<div class=\"elementor-button-wrapper\">\n\t\t\t\t\t<a class=\"elementor-button elementor-button-link elementor-size-md\" href=\"#\">\n\t\t\t\t\t\t<span class=\"elementor-button-content-wrapper\">\n\t\t\t\t\t\t\t\t\t<span class=\"elementor-button-text\">Devis gratuit<\/span>\n\t\t\t\t\t<\/span>\n\t\t\t\t\t<\/a>\n\t\t\t\t<\/div>\n\t\t\t\t\t\t\t\t<\/div>\n\t\t\t\t<\/div>\n\t\t\t\t\t<\/div>\n\t\t<\/div>\n\t\t\t\t<div class=\"elementor-column elementor-col-50 elementor-top-column elementor-element elementor-element-a6968c8\" data-id=\"a6968c8\" data-element_type=\"column\">\n\t\t\t<div class=\"elementor-widget-wrap\">\n\t\t\t\t\t\t\t<\/div>\n\t\t<\/div>\n\t\t\t\t\t<\/div>\n\t\t<\/section>\n\t\t\t\t<\/div>\n\t\t","protected":false},"excerpt":{"rendered":"<p>Portfolio Appel gratuit 02 40 49 80 55 Nos R\u00e9alisations Nous intervenons dans tout le d\u00e9partement de Loire-Atlantique, mais \u00e9galement le Morbihan et la Vend\u00e9e. Dormir dans une paix absolueSe r\u00e9veiller avec un soleil radieux Devis gratuit<\/p>\n","protected":false},"author":1,"featured_media":0,"parent":0,"menu_order":0,"comment_status":"closed","ping_status":"closed","template":"","meta":{"site-sidebar-layout":"default","site-content-layout":"page-builder","ast-site-content-layout":"default","site-content-style":"default","site-sidebar-style":"default","ast-global-header-display":"","ast-banner-title-visibility":"","ast-main-header-display":"","ast-hfb-above-header-display":"","ast-hfb-below-header-display":"","ast-hfb-mobile-header-display":"","site-post-title":"","ast-breadcrumbs-content":"","ast-featured-img":"disabled","footer-sml-layout":"","ast-disable-related-posts":"","theme-transparent-header-meta":"enabled","adv-header-id-meta":"","stick-header-meta":"","header-above-stick-meta":"","header-main-stick-meta":"","header-below-stick-meta":"","astra-migrate-meta-layouts":"default","ast-page-background-enabled":"default","ast-page-background-meta":{"desktop":{"background-color":"","background-image":"","background-repeat":"repeat","background-position":"center center","background-size":"auto","background-attachment":"scroll","background-type":"","background-media":"","overlay-type":"","overlay-color":"","overlay-opacity":"","overlay-gradient":""},"tablet":{"background-color":"","background-image":"","background-repeat":"repeat","background-position":"center center","background-size":"auto","background-attachment":"scroll","background-type":"","background-media":"","overlay-type":"","overlay-color":"","overlay-opacity":"","overlay-gradient":""},"mobile":{"background-color":"","background-image":"","background-repeat":"repeat","background-position":"center center","background-size":"auto","background-attachment":"scroll","background-type":"","background-media":"","overlay-type":"","overlay-color":"","overlay-opacity":"","overlay-gradient":""}},"ast-content-background-meta":{"desktop":{"background-color":"var(--ast-global-color-5)","background-image":"","background-repeat":"repeat","background-position":"center center","background-size":"auto","background-attachment":"scroll","background-type":"","background-media":"","overlay-type":"","overlay-color":"","overlay-opacity":"","overlay-gradient":""},"tablet":{"background-color":"var(--ast-global-color-5)","background-image":"","background-repeat":"repeat","background-position":"center center","background-size":"auto","background-attachment":"scroll","background-type":"","background-media":"","overlay-type":"","overlay-color":"","overlay-opacity":"","overlay-gradient":""},"mobile":{"background-color":"var(--ast-global-color-5)","background-image":"","background-repeat":"repeat","background-position":"center center","background-size":"auto","background-attachment":"scroll","background-type":"","background-media":"","overlay-type":"","overlay-color":"","overlay-opacity":"","overlay-gradient":""}},"footnotes":""},"class_list":["post-12","page","type-page","status-publish","hentry"],"_links":{"self":[{"href":"https:\/\/tpe.preview-communication.fr\/menuisier\/wp-json\/wp\/v2\/pages\/12","targetHints":{"allow":["GET"]}}],"collection":[{"href":"https:\/\/tpe.preview-communication.fr\/menuisier\/wp-json\/wp\/v2\/pages"}],"about":[{"href":"https:\/\/tpe.preview-communication.fr\/menuisier\/wp-json\/wp\/v2\/types\/page"}],"author":[{"embeddable":true,"href":"https:\/\/tpe.preview-communication.fr\/menuisier\/wp-json\/wp\/v2\/users\/1"}],"replies":[{"embeddable":true,"href":"https:\/\/tpe.preview-communication.fr\/menuisier\/wp-json\/wp\/v2\/comments?post=12"}],"version-history":[{"count":7,"href":"https:\/\/tpe.preview-communication.fr\/menuisier\/wp-json\/wp\/v2\/pages\/12\/revisions"}],"predecessor-version":[{"id":607,"href":"https:\/\/tpe.preview-communication.fr\/menuisier\/wp-json\/wp\/v2\/pages\/12\/revisions\/607"}],"wp:attachment":[{"href":"https:\/\/tpe.preview-communication.fr\/menuisier\/wp-json\/wp\/v2\/media?parent=12"}],"curies":[{"name":"wp","href":"https:\/\/api.w.org\/{rel}","templated":true}]}}