{"id":14,"date":"2017-07-11T06:30:12","date_gmt":"2017-07-11T06:30:12","guid":{"rendered":"https:\/\/tpe.preview-communication.fr\/paysagiste\/gallery\/"},"modified":"2025-09-08T15:28:43","modified_gmt":"2025-09-08T13:28:43","slug":"realisations","status":"publish","type":"page","link":"https:\/\/tpe.preview-communication.fr\/paysagiste\/realisations\/","title":{"rendered":"R\u00e9alisations"},"content":{"rendered":"\t\t<div data-elementor-type=\"wp-post\" data-elementor-id=\"14\" class=\"elementor elementor-14\" data-elementor-post-type=\"page\">\n\t\t\t\t\t\t<section class=\"elementor-section elementor-top-section elementor-element elementor-element-fa51bed elementor-section-boxed elementor-section-height-default elementor-section-height-default\" data-id=\"fa51bed\" data-element_type=\"section\" data-settings=\"{&quot;background_background&quot;:&quot;classic&quot;}\">\n\t\t\t\t\t\t\t<div class=\"elementor-background-overlay\"><\/div>\n\t\t\t\t\t\t\t<div class=\"elementor-container elementor-column-gap-no\">\n\t\t\t\t\t<div class=\"elementor-column elementor-col-100 elementor-top-column elementor-element elementor-element-74a8848\" data-id=\"74a8848\" data-element_type=\"column\">\n\t\t\t<div class=\"elementor-widget-wrap elementor-element-populated\">\n\t\t\t\t\t\t<div class=\"elementor-element elementor-element-c3ff2c9 elementor-widget elementor-widget-heading\" data-id=\"c3ff2c9\" data-element_type=\"widget\" data-widget_type=\"heading.default\">\n\t\t\t\t<div class=\"elementor-widget-container\">\n\t\t\t\t\t<h1 class=\"elementor-heading-title elementor-size-default\">R\u00e9alisations<\/h1>\t\t\t\t<\/div>\n\t\t\t\t<\/div>\n\t\t\t\t<div class=\"elementor-element elementor-element-03a4db6 elementor-widget elementor-widget-text-editor\" data-id=\"03a4db6\" data-element_type=\"widget\" data-widget_type=\"text-editor.default\">\n\t\t\t\t<div class=\"elementor-widget-container\">\n\t\t\t\t\t\t\t\t\t<p>D\u00e9couvrez quelques-unes de nos r\u00e9alisations \u00e0 Nantes et dans les environs : jardins familiaux, am\u00e9nagements modernes, espaces verts d\u2019entreprise\u2026<\/p>\t\t\t\t\t\t\t\t<\/div>\n\t\t\t\t<\/div>\n\t\t\t\t\t<\/div>\n\t\t<\/div>\n\t\t\t\t\t<\/div>\n\t\t<\/section>\n\t\t\t\t<section class=\"elementor-section elementor-top-section elementor-element elementor-element-7c8c773 elementor-section-boxed elementor-section-height-default elementor-section-height-default\" data-id=\"7c8c773\" data-element_type=\"section\" data-settings=\"{&quot;background_background&quot;:&quot;classic&quot;}\">\n\t\t\t\t\t\t<div class=\"elementor-container elementor-column-gap-no\">\n\t\t\t\t\t<div class=\"elementor-column elementor-col-100 elementor-top-column elementor-element elementor-element-aa095c6\" data-id=\"aa095c6\" data-element_type=\"column\">\n\t\t\t<div class=\"elementor-widget-wrap elementor-element-populated\">\n\t\t\t\t\t\t<div class=\"elementor-element elementor-element-3a5cddd gallery-spacing-custom elementor-widget elementor-widget-image-gallery\" data-id=\"3a5cddd\" data-element_type=\"widget\" data-widget_type=\"image-gallery.default\">\n\t\t\t\t<div class=\"elementor-widget-container\">\n\t\t\t\t\t\t\t<div class=\"elementor-image-gallery\">\n\t\t\t<div id='gallery-1' class='gallery galleryid-14 gallery-columns-3 gallery-size-full'><figure class='gallery-item'>\n\t\t\t<div class='gallery-icon landscape'>\n\t\t\t\t<a data-elementor-open-lightbox=\"yes\" data-elementor-lightbox-slideshow=\"3a5cddd\" data-e-action-hash=\"#elementor-action%3Aaction%3Dlightbox%26settings%3DeyJpZCI6OTUwLCJ1cmwiOiJodHRwczpcL1wvdHBlLnByZXZpZXctY29tbXVuaWNhdGlvbi5mclwvcGF5c2FnaXN0ZVwvd3AtY29udGVudFwvdXBsb2Fkc1wvc2l0ZXNcLzEzXC8yMDE5XC8xMVwvZ2FsbGVyeS0xLmpwZyIsInNsaWRlc2hvdyI6IjNhNWNkZGQifQ%3D%3D\" href='https:\/\/tpe.preview-communication.fr\/paysagiste\/wp-content\/uploads\/sites\/13\/2019\/11\/gallery-1.jpg'><img fetchpriority=\"high\" decoding=\"async\" width=\"450\" height=\"380\" src=\"https:\/\/tpe.preview-communication.fr\/paysagiste\/wp-content\/uploads\/sites\/13\/2019\/11\/gallery-1.jpg\" class=\"attachment-full size-full\" alt=\"\" srcset=\"https:\/\/tpe.preview-communication.fr\/paysagiste\/wp-content\/uploads\/sites\/13\/2019\/11\/gallery-1.jpg 450w, https:\/\/tpe.preview-communication.fr\/paysagiste\/wp-content\/uploads\/sites\/13\/2019\/11\/gallery-1-300x253.jpg 300w\" sizes=\"(max-width: 450px) 100vw, 450px\" \/><\/a>\n\t\t\t<\/div><\/figure><figure class='gallery-item'>\n\t\t\t<div class='gallery-icon landscape'>\n\t\t\t\t<a data-elementor-open-lightbox=\"yes\" data-elementor-lightbox-slideshow=\"3a5cddd\" data-e-action-hash=\"#elementor-action%3Aaction%3Dlightbox%26settings%3DeyJpZCI6OTQ0LCJ1cmwiOiJodHRwczpcL1wvdHBlLnByZXZpZXctY29tbXVuaWNhdGlvbi5mclwvcGF5c2FnaXN0ZVwvd3AtY29udGVudFwvdXBsb2Fkc1wvc2l0ZXNcLzEzXC8yMDE5XC8xMVwvaG9tZS5qcGciLCJzbGlkZXNob3ciOiIzYTVjZGRkIn0%3D\" href='https:\/\/tpe.preview-communication.fr\/paysagiste\/wp-content\/uploads\/sites\/13\/2019\/11\/home.jpg'><img decoding=\"async\" width=\"450\" height=\"380\" src=\"https:\/\/tpe.preview-communication.fr\/paysagiste\/wp-content\/uploads\/sites\/13\/2019\/11\/home.jpg\" class=\"attachment-full size-full\" alt=\"\" srcset=\"https:\/\/tpe.preview-communication.fr\/paysagiste\/wp-content\/uploads\/sites\/13\/2019\/11\/home.jpg 450w, https:\/\/tpe.preview-communication.fr\/paysagiste\/wp-content\/uploads\/sites\/13\/2019\/11\/home-300x253.jpg 300w\" sizes=\"(max-width: 450px) 100vw, 450px\" \/><\/a>\n\t\t\t<\/div><\/figure><figure class='gallery-item'>\n\t\t\t<div class='gallery-icon landscape'>\n\t\t\t\t<a data-elementor-open-lightbox=\"yes\" data-elementor-lightbox-slideshow=\"3a5cddd\" data-e-action-hash=\"#elementor-action%3Aaction%3Dlightbox%26settings%3DeyJpZCI6OTUxLCJ1cmwiOiJodHRwczpcL1wvdHBlLnByZXZpZXctY29tbXVuaWNhdGlvbi5mclwvcGF5c2FnaXN0ZVwvd3AtY29udGVudFwvdXBsb2Fkc1wvc2l0ZXNcLzEzXC8yMDE5XC8xMVwvZ2FsbGVyeS0yLmpwZyIsInNsaWRlc2hvdyI6IjNhNWNkZGQifQ%3D%3D\" href='https:\/\/tpe.preview-communication.fr\/paysagiste\/wp-content\/uploads\/sites\/13\/2019\/11\/gallery-2.jpg'><img decoding=\"async\" width=\"450\" height=\"380\" src=\"https:\/\/tpe.preview-communication.fr\/paysagiste\/wp-content\/uploads\/sites\/13\/2019\/11\/gallery-2.jpg\" class=\"attachment-full size-full\" alt=\"\" srcset=\"https:\/\/tpe.preview-communication.fr\/paysagiste\/wp-content\/uploads\/sites\/13\/2019\/11\/gallery-2.jpg 450w, https:\/\/tpe.preview-communication.fr\/paysagiste\/wp-content\/uploads\/sites\/13\/2019\/11\/gallery-2-300x253.jpg 300w\" sizes=\"(max-width: 450px) 100vw, 450px\" \/><\/a>\n\t\t\t<\/div><\/figure><figure class='gallery-item'>\n\t\t\t<div class='gallery-icon landscape'>\n\t\t\t\t<a data-elementor-open-lightbox=\"yes\" data-elementor-lightbox-slideshow=\"3a5cddd\" data-e-action-hash=\"#elementor-action%3Aaction%3Dlightbox%26settings%3DeyJpZCI6OTUyLCJ1cmwiOiJodHRwczpcL1wvdHBlLnByZXZpZXctY29tbXVuaWNhdGlvbi5mclwvcGF5c2FnaXN0ZVwvd3AtY29udGVudFwvdXBsb2Fkc1wvc2l0ZXNcLzEzXC8yMDE5XC8xMVwvZ2FsbGVyeS0zLmpwZyIsInNsaWRlc2hvdyI6IjNhNWNkZGQifQ%3D%3D\" href='https:\/\/tpe.preview-communication.fr\/paysagiste\/wp-content\/uploads\/sites\/13\/2019\/11\/gallery-3.jpg'><img loading=\"lazy\" decoding=\"async\" width=\"450\" height=\"380\" src=\"https:\/\/tpe.preview-communication.fr\/paysagiste\/wp-content\/uploads\/sites\/13\/2019\/11\/gallery-3.jpg\" class=\"attachment-full size-full\" alt=\"\" srcset=\"https:\/\/tpe.preview-communication.fr\/paysagiste\/wp-content\/uploads\/sites\/13\/2019\/11\/gallery-3.jpg 450w, https:\/\/tpe.preview-communication.fr\/paysagiste\/wp-content\/uploads\/sites\/13\/2019\/11\/gallery-3-300x253.jpg 300w\" sizes=\"(max-width: 450px) 100vw, 450px\" \/><\/a>\n\t\t\t<\/div><\/figure><figure class='gallery-item'>\n\t\t\t<div class='gallery-icon landscape'>\n\t\t\t\t<a data-elementor-open-lightbox=\"yes\" data-elementor-lightbox-slideshow=\"3a5cddd\" data-e-action-hash=\"#elementor-action%3Aaction%3Dlightbox%26settings%3DeyJpZCI6OTUzLCJ1cmwiOiJodHRwczpcL1wvdHBlLnByZXZpZXctY29tbXVuaWNhdGlvbi5mclwvcGF5c2FnaXN0ZVwvd3AtY29udGVudFwvdXBsb2Fkc1wvc2l0ZXNcLzEzXC8yMDE5XC8xMVwvZ2FsbGVyeS00LmpwZyIsInNsaWRlc2hvdyI6IjNhNWNkZGQifQ%3D%3D\" href='https:\/\/tpe.preview-communication.fr\/paysagiste\/wp-content\/uploads\/sites\/13\/2019\/11\/gallery-4.jpg'><img loading=\"lazy\" decoding=\"async\" width=\"450\" height=\"380\" src=\"https:\/\/tpe.preview-communication.fr\/paysagiste\/wp-content\/uploads\/sites\/13\/2019\/11\/gallery-4.jpg\" class=\"attachment-full size-full\" alt=\"\" srcset=\"https:\/\/tpe.preview-communication.fr\/paysagiste\/wp-content\/uploads\/sites\/13\/2019\/11\/gallery-4.jpg 450w, https:\/\/tpe.preview-communication.fr\/paysagiste\/wp-content\/uploads\/sites\/13\/2019\/11\/gallery-4-300x253.jpg 300w\" sizes=\"(max-width: 450px) 100vw, 450px\" \/><\/a>\n\t\t\t<\/div><\/figure><figure class='gallery-item'>\n\t\t\t<div class='gallery-icon landscape'>\n\t\t\t\t<a data-elementor-open-lightbox=\"yes\" data-elementor-lightbox-slideshow=\"3a5cddd\" data-e-action-hash=\"#elementor-action%3Aaction%3Dlightbox%26settings%3DeyJpZCI6OTU0LCJ1cmwiOiJodHRwczpcL1wvdHBlLnByZXZpZXctY29tbXVuaWNhdGlvbi5mclwvcGF5c2FnaXN0ZVwvd3AtY29udGVudFwvdXBsb2Fkc1wvc2l0ZXNcLzEzXC8yMDE5XC8xMVwvZ2FsbGVyeS01LmpwZyIsInNsaWRlc2hvdyI6IjNhNWNkZGQifQ%3D%3D\" href='https:\/\/tpe.preview-communication.fr\/paysagiste\/wp-content\/uploads\/sites\/13\/2019\/11\/gallery-5.jpg'><img loading=\"lazy\" decoding=\"async\" width=\"450\" height=\"380\" src=\"https:\/\/tpe.preview-communication.fr\/paysagiste\/wp-content\/uploads\/sites\/13\/2019\/11\/gallery-5.jpg\" class=\"attachment-full size-full\" alt=\"\" srcset=\"https:\/\/tpe.preview-communication.fr\/paysagiste\/wp-content\/uploads\/sites\/13\/2019\/11\/gallery-5.jpg 450w, https:\/\/tpe.preview-communication.fr\/paysagiste\/wp-content\/uploads\/sites\/13\/2019\/11\/gallery-5-300x253.jpg 300w\" sizes=\"(max-width: 450px) 100vw, 450px\" \/><\/a>\n\t\t\t<\/div><\/figure>\n\t\t<\/div>\n\t\t<\/div>\n\t\t\t\t\t\t<\/div>\n\t\t\t\t<\/div>\n\t\t\t\t\t<\/div>\n\t\t<\/div>\n\t\t\t\t\t<\/div>\n\t\t<\/section>\n\t\t\t\t<section class=\"elementor-section elementor-top-section elementor-element elementor-element-a4b878f elementor-section-boxed elementor-section-height-default elementor-section-height-default\" data-id=\"a4b878f\" data-element_type=\"section\" data-settings=\"{&quot;background_background&quot;:&quot;classic&quot;}\">\n\t\t\t\t\t\t<div class=\"elementor-container elementor-column-gap-no\">\n\t\t\t\t\t<div class=\"elementor-column elementor-col-100 elementor-top-column elementor-element elementor-element-5ca10325\" data-id=\"5ca10325\" data-element_type=\"column\">\n\t\t\t<div class=\"elementor-widget-wrap elementor-element-populated\">\n\t\t\t\t\t\t<div class=\"elementor-element elementor-element-27f2f97e elementor-widget elementor-widget-heading\" data-id=\"27f2f97e\" data-element_type=\"widget\" data-widget_type=\"heading.default\">\n\t\t\t\t<div class=\"elementor-widget-container\">\n\t\t\t\t\t<h2 class=\"elementor-heading-title elementor-size-default\">Votre ext\u00e9rieur vous m\u00e9rite le meilleur soin<\/h2>\t\t\t\t<\/div>\n\t\t\t\t<\/div>\n\t\t\t\t<div class=\"elementor-element elementor-element-53b2ffa7 elementor-widget-divider--view-line elementor-widget elementor-widget-divider\" data-id=\"53b2ffa7\" data-element_type=\"widget\" data-widget_type=\"divider.default\">\n\t\t\t\t<div class=\"elementor-widget-container\">\n\t\t\t\t\t\t\t<div class=\"elementor-divider\">\n\t\t\t<span class=\"elementor-divider-separator\">\n\t\t\t\t\t\t<\/span>\n\t\t<\/div>\n\t\t\t\t\t\t<\/div>\n\t\t\t\t<\/div>\n\t\t\t\t<div class=\"elementor-element elementor-element-57bf5b9c elementor-widget elementor-widget-text-editor\" data-id=\"57bf5b9c\" data-element_type=\"widget\" data-widget_type=\"text-editor.default\">\n\t\t\t\t<div class=\"elementor-widget-container\">\n\t\t\t\t\t\t\t\t\t<p>Paysagiste nantais depuis 20 ans, Christophe et Laurent mettent leur exp\u00e9rience et leur passion au service des particuliers et des professionnels.<br \/>Notre \u00e9quipe associe sens esth\u00e9tique, connaissances botaniques et savoir-faire technique pour donner vie \u00e0 vos projets paysagers.<\/p>\t\t\t\t\t\t\t\t<\/div>\n\t\t\t\t<\/div>\n\t\t\t\t<div class=\"elementor-element elementor-element-4b2a718f elementor-tablet-align-left elementor-widget elementor-widget-button\" data-id=\"4b2a718f\" data-element_type=\"widget\" data-widget_type=\"button.default\">\n\t\t\t\t<div class=\"elementor-widget-container\">\n\t\t\t\t\t\t\t\t\t<div class=\"elementor-button-wrapper\">\n\t\t\t\t\t<a class=\"elementor-button elementor-button-link elementor-size-sm\" href=\"#\">\n\t\t\t\t\t\t<span class=\"elementor-button-content-wrapper\">\n\t\t\t\t\t\t\t\t\t<span class=\"elementor-button-text\">Rendez-vous Devis<\/span>\n\t\t\t\t\t<\/span>\n\t\t\t\t\t<\/a>\n\t\t\t\t<\/div>\n\t\t\t\t\t\t\t\t<\/div>\n\t\t\t\t<\/div>\n\t\t\t\t\t<\/div>\n\t\t<\/div>\n\t\t\t\t\t<\/div>\n\t\t<\/section>\n\t\t\t\t<\/div>\n\t\t","protected":false},"excerpt":{"rendered":"<p>R\u00e9alisations D\u00e9couvrez quelques-unes de nos r\u00e9alisations \u00e0 Nantes et dans les environs : jardins familiaux, am\u00e9nagements modernes, espaces verts d\u2019entreprise\u2026 Votre ext\u00e9rieur vous m\u00e9rite le meilleur soin Paysagiste nantais depuis 20 ans, Christophe et Laurent mettent leur exp\u00e9rience et leur passion au service des particuliers et des professionnels.Notre \u00e9quipe associe sens esth\u00e9tique, connaissances botaniques et [&hellip;]<\/p>\n","protected":false},"author":1,"featured_media":0,"parent":0,"menu_order":0,"comment_status":"closed","ping_status":"closed","template":"","meta":{"site-sidebar-layout":"no-sidebar","site-content-layout":"page-builder","ast-site-content-layout":"full-width-container","site-content-style":"unboxed","site-sidebar-style":"unboxed","ast-global-header-display":"","ast-banner-title-visibility":"","ast-main-header-display":"","ast-hfb-above-header-display":"","ast-hfb-below-header-display":"","ast-hfb-mobile-header-display":"","site-post-title":"","ast-breadcrumbs-content":"","ast-featured-img":"disabled","footer-sml-layout":"","ast-disable-related-posts":"","theme-transparent-header-meta":"enabled","adv-header-id-meta":"","stick-header-meta":"","header-above-stick-meta":"","header-main-stick-meta":"","header-below-stick-meta":"","astra-migrate-meta-layouts":"set","ast-page-background-enabled":"default","ast-page-background-meta":{"desktop":{"background-color":"","background-image":"","background-repeat":"repeat","background-position":"center center","background-size":"auto","background-attachment":"scroll","background-type":"","background-media":"","overlay-type":"","overlay-color":"","overlay-opacity":"","overlay-gradient":""},"tablet":{"background-color":"","background-image":"","background-repeat":"repeat","background-position":"center center","background-size":"auto","background-attachment":"scroll","background-type":"","background-media":"","overlay-type":"","overlay-color":"","overlay-opacity":"","overlay-gradient":""},"mobile":{"background-color":"","background-image":"","background-repeat":"repeat","background-position":"center center","background-size":"auto","background-attachment":"scroll","background-type":"","background-media":"","overlay-type":"","overlay-color":"","overlay-opacity":"","overlay-gradient":""}},"ast-content-background-meta":{"desktop":{"background-color":"var(--ast-global-color-5)","background-image":"","background-repeat":"repeat","background-position":"center center","background-size":"auto","background-attachment":"scroll","background-type":"","background-media":"","overlay-type":"","overlay-color":"","overlay-opacity":"","overlay-gradient":""},"tablet":{"background-color":"var(--ast-global-color-5)","background-image":"","background-repeat":"repeat","background-position":"center center","background-size":"auto","background-attachment":"scroll","background-type":"","background-media":"","overlay-type":"","overlay-color":"","overlay-opacity":"","overlay-gradient":""},"mobile":{"background-color":"var(--ast-global-color-5)","background-image":"","background-repeat":"repeat","background-position":"center center","background-size":"auto","background-attachment":"scroll","background-type":"","background-media":"","overlay-type":"","overlay-color":"","overlay-opacity":"","overlay-gradient":""}},"footnotes":""},"class_list":["post-14","page","type-page","status-publish","hentry"],"_links":{"self":[{"href":"https:\/\/tpe.preview-communication.fr\/paysagiste\/wp-json\/wp\/v2\/pages\/14","targetHints":{"allow":["GET"]}}],"collection":[{"href":"https:\/\/tpe.preview-communication.fr\/paysagiste\/wp-json\/wp\/v2\/pages"}],"about":[{"href":"https:\/\/tpe.preview-communication.fr\/paysagiste\/wp-json\/wp\/v2\/types\/page"}],"author":[{"embeddable":true,"href":"https:\/\/tpe.preview-communication.fr\/paysagiste\/wp-json\/wp\/v2\/users\/1"}],"replies":[{"embeddable":true,"href":"https:\/\/tpe.preview-communication.fr\/paysagiste\/wp-json\/wp\/v2\/comments?post=14"}],"version-history":[{"count":15,"href":"https:\/\/tpe.preview-communication.fr\/paysagiste\/wp-json\/wp\/v2\/pages\/14\/revisions"}],"predecessor-version":[{"id":1481,"href":"https:\/\/tpe.preview-communication.fr\/paysagiste\/wp-json\/wp\/v2\/pages\/14\/revisions\/1481"}],"wp:attachment":[{"href":"https:\/\/tpe.preview-communication.fr\/paysagiste\/wp-json\/wp\/v2\/media?parent=14"}],"curies":[{"name":"wp","href":"https:\/\/api.w.org\/{rel}","templated":true}]}}